{"id":28,"date":"2021-08-28T18:23:30","date_gmt":"2021-08-28T18:23:30","guid":{"rendered":"https:\/\/fourleaves.com.ar\/?page_id=28"},"modified":"2021-08-28T18:23:30","modified_gmt":"2021-08-28T18:23:30","slug":"quienes-somos","status":"publish","type":"page","link":"http:\/\/fourleaves.com.ar\/en\/quienes-somos\/","title":{"rendered":"Who we are"},"content":{"rendered":"<p>Four Leaves S.A. es una empresa joven originaria de la provincia de Mendoza, dedicada a brindar distintos servicios a la industria del petr\u00f3leo. Est\u00e1 integrada por un staff de profesionales altamente calificados y con muchos a\u00f1os de experiencia en el campo. En la actualidad estamos trabajando para abrir una base central en Malarg\u00fce, lo que nos permitir\u00e1 tener un mejor acceso a todos los yacimientos de la cuenca Neuquina en Mendoza.<\/p>\n\n\n\n<p>Utilizamos herramientas de fabricaci\u00f3n reconocida en Argentina lo que nos asegura el abastecimiento de repuestos de inmediato.<\/p>\n\n\n\n<p>Entre otros servicios, proveemos herramientas para Pulling y Workover.<\/p>\n\n\n\n<p>Los invitamos a recorrer nuestro sitio.<\/p>","protected":false},"excerpt":{"rendered":"<p>Four Leaves S.A. es una empresa joven originaria de la provincia de Mendoza, dedicada a brindar distintos servicios a la industria del petr\u00f3leo. Est\u00e1 integrada por un staff de profesionales altamente calificados y con muchos a\u00f1os de experiencia en el campo. En la actualidad estamos trabajando para abrir una base central en Malarg\u00fce, lo que&hellip; <br \/> <a class=\"read-more\" href=\"http:\/\/fourleaves.com.ar\/en\/quienes-somos\/\">Read more<\/a><\/p>","protected":false},"author":2,"featured_media":0,"parent":0,"menu_order":0,"comment_status":"closed","ping_status":"closed","template":"","meta":{"footnotes":""},"class_list":["post-28","page","type-page","status-publish","hentry"],"_links":{"self":[{"href":"http:\/\/fourleaves.com.ar\/en\/wp-json\/wp\/v2\/pages\/28","targetHints":{"allow":["GET"]}}],"collection":[{"href":"http:\/\/fourleaves.com.ar\/en\/wp-json\/wp\/v2\/pages"}],"about":[{"href":"http:\/\/fourleaves.com.ar\/en\/wp-json\/wp\/v2\/types\/page"}],"author":[{"embeddable":true,"href":"http:\/\/fourleaves.com.ar\/en\/wp-json\/wp\/v2\/users\/2"}],"replies":[{"embeddable":true,"href":"http:\/\/fourleaves.com.ar\/en\/wp-json\/wp\/v2\/comments?post=28"}],"version-history":[{"count":1,"href":"http:\/\/fourleaves.com.ar\/en\/wp-json\/wp\/v2\/pages\/28\/revisions"}],"predecessor-version":[{"id":29,"href":"http:\/\/fourleaves.com.ar\/en\/wp-json\/wp\/v2\/pages\/28\/revisions\/29"}],"wp:attachment":[{"href":"http:\/\/fourleaves.com.ar\/en\/wp-json\/wp\/v2\/media?parent=28"}],"curies":[{"name":"wp","href":"https:\/\/api.w.org\/{rel}","templated":true}]}}