{"id":51,"date":"2021-09-07T23:33:35","date_gmt":"2021-09-07T23:33:35","guid":{"rendered":"https:\/\/fourleaves.com.ar\/?page_id=51"},"modified":"2021-09-07T23:38:41","modified_gmt":"2021-09-07T23:38:41","slug":"nuestra-gente","status":"publish","type":"page","link":"http:\/\/fourleaves.com.ar\/en\/nuestra-gente\/","title":{"rendered":"Nuestra Gente"},"content":{"rendered":"<div class=\"wp-block-columns is-layout-flex wp-container-core-columns-is-layout-9d6595d7 wp-block-columns-is-layout-flex\">\n<div class=\"wp-block-column is-layout-flow wp-block-column-is-layout-flow\">\n<figure class=\"wp-block-image size-full\"><a href=\"https:\/\/fourleaves.com.ar\/wp-content\/uploads\/2021\/09\/Man_Silhouette.png\"><img loading=\"lazy\" decoding=\"async\" width=\"200\" height=\"200\" src=\"https:\/\/fourleaves.com.ar\/wp-content\/uploads\/2021\/09\/Man_Silhouette.png\" alt=\"\" class=\"wp-image-52\" srcset=\"https:\/\/fourleaves.com.ar\/wp-content\/uploads\/2021\/09\/Man_Silhouette.png 200w, https:\/\/fourleaves.com.ar\/wp-content\/uploads\/2021\/09\/Man_Silhouette-150x150.png 150w, https:\/\/fourleaves.com.ar\/wp-content\/uploads\/2021\/09\/Man_Silhouette-12x12.png 12w\" sizes=\"auto, (max-width: 200px) 100vw, 200px\" \/><\/a><\/figure>\n\n\n\n<p><strong>Nombre Apellido<\/strong><\/p>\n\n\n\n<p>Cargo<\/p>\n\n\n\n<p>Un descripci\u00f3n 20-30 palabras.<\/p>\n\n\n\n<div style=\"height:1px\" aria-hidden=\"true\" class=\"wp-block-spacer\"><\/div>\n<\/div>\n\n\n\n<div class=\"wp-block-column is-layout-flow wp-block-column-is-layout-flow\">\n<figure class=\"wp-block-image size-full\"><a href=\"https:\/\/fourleaves.com.ar\/wp-content\/uploads\/2021\/09\/Man_Silhouette.png\"><img loading=\"lazy\" decoding=\"async\" width=\"200\" height=\"200\" src=\"https:\/\/fourleaves.com.ar\/wp-content\/uploads\/2021\/09\/Man_Silhouette.png\" alt=\"\" class=\"wp-image-52\" srcset=\"https:\/\/fourleaves.com.ar\/wp-content\/uploads\/2021\/09\/Man_Silhouette.png 200w, https:\/\/fourleaves.com.ar\/wp-content\/uploads\/2021\/09\/Man_Silhouette-150x150.png 150w, https:\/\/fourleaves.com.ar\/wp-content\/uploads\/2021\/09\/Man_Silhouette-12x12.png 12w\" sizes=\"auto, (max-width: 200px) 100vw, 200px\" \/><\/a><\/figure>\n\n\n\n<p><strong>Nombre Apellido<\/strong><\/p>\n\n\n\n<p>Cargo<\/p>\n\n\n\n<p>Un descripci\u00f3n 20-30 palabras.<\/p>\n\n\n\n<div style=\"height:1px\" aria-hidden=\"true\" class=\"wp-block-spacer\"><\/div>\n<\/div>\n\n\n\n<div class=\"wp-block-column is-layout-flow wp-block-column-is-layout-flow\">\n<figure class=\"wp-block-image size-full\"><a href=\"https:\/\/fourleaves.com.ar\/wp-content\/uploads\/2021\/09\/Man_Silhouette.png\"><img loading=\"lazy\" decoding=\"async\" width=\"200\" height=\"200\" src=\"https:\/\/fourleaves.com.ar\/wp-content\/uploads\/2021\/09\/Man_Silhouette.png\" alt=\"\" class=\"wp-image-52\" srcset=\"https:\/\/fourleaves.com.ar\/wp-content\/uploads\/2021\/09\/Man_Silhouette.png 200w, https:\/\/fourleaves.com.ar\/wp-content\/uploads\/2021\/09\/Man_Silhouette-150x150.png 150w, https:\/\/fourleaves.com.ar\/wp-content\/uploads\/2021\/09\/Man_Silhouette-12x12.png 12w\" sizes=\"auto, (max-width: 200px) 100vw, 200px\" \/><\/a><\/figure>\n\n\n\n<p><strong>Nombre Apellido<\/strong><\/p>\n\n\n\n<p>Cargo<\/p>\n\n\n\n<p>Un descripci\u00f3n 20-30 palabras.<\/p>\n\n\n\n<div style=\"height:1px\" aria-hidden=\"true\" class=\"wp-block-spacer\"><\/div>\n<\/div>\n<\/div>\n\n\n\n<p><\/p>","protected":false},"excerpt":{"rendered":"<p>Nombre Apellido Cargo Un descripci\u00f3n 20-30 palabras. Nombre Apellido Cargo Un descripci\u00f3n 20-30 palabras. Nombre Apellido Cargo Un descripci\u00f3n 20-30 palabras.<\/p>","protected":false},"author":2,"featured_media":0,"parent":0,"menu_order":0,"comment_status":"closed","ping_status":"closed","template":"","meta":{"footnotes":""},"class_list":["post-51","page","type-page","status-publish","hentry"],"_links":{"self":[{"href":"http:\/\/fourleaves.com.ar\/en\/wp-json\/wp\/v2\/pages\/51","targetHints":{"allow":["GET"]}}],"collection":[{"href":"http:\/\/fourleaves.com.ar\/en\/wp-json\/wp\/v2\/pages"}],"about":[{"href":"http:\/\/fourleaves.com.ar\/en\/wp-json\/wp\/v2\/types\/page"}],"author":[{"embeddable":true,"href":"http:\/\/fourleaves.com.ar\/en\/wp-json\/wp\/v2\/users\/2"}],"replies":[{"embeddable":true,"href":"http:\/\/fourleaves.com.ar\/en\/wp-json\/wp\/v2\/comments?post=51"}],"version-history":[{"count":2,"href":"http:\/\/fourleaves.com.ar\/en\/wp-json\/wp\/v2\/pages\/51\/revisions"}],"predecessor-version":[{"id":55,"href":"http:\/\/fourleaves.com.ar\/en\/wp-json\/wp\/v2\/pages\/51\/revisions\/55"}],"wp:attachment":[{"href":"http:\/\/fourleaves.com.ar\/en\/wp-json\/wp\/v2\/media?parent=51"}],"curies":[{"name":"wp","href":"https:\/\/api.w.org\/{rel}","templated":true}]}}